{"id":1792,"date":"2025-06-11T09:44:05","date_gmt":"2025-06-11T07:44:05","guid":{"rendered":"https:\/\/ferrerbobet.com\/?page_id=1792"},"modified":"2025-11-10T09:38:10","modified_gmt":"2025-11-10T08:38:10","slug":"del-vinedo-a-la-copa","status":"publish","type":"page","link":"https:\/\/ferrerbobet.com\/es\/del-vinedo-a-la-copa\/","title":{"rendered":"DEL VI\u00d1EDO A LA COPA"},"content":{"rendered":"<p>[et_pb_section fb_built=\u00bb1&#8243; _builder_version=\u00bb4.23.4&#8243; _module_preset=\u00bbdefault\u00bb background_color=\u00bbgcid-6943447e-1a90-4e0a-ac14-52212f46884d\u00bb background_image=\u00bbhttp:\/\/ferrerbobet.com\/wp-content\/uploads\/2023\/10\/Entre-vinyes_1-FerrerBobet.jpg\u00bb background_blend=\u00bboverlay\u00bb min_height=\u00bb400px\u00bb da_disable_devices=\u00bboff|off|off\u00bb global_colors_info=\u00bb{%22gcid-6943447e-1a90-4e0a-ac14-52212f46884d%22:%91%22background_color%22%93}\u00bb da_is_popup=\u00bboff\u00bb da_exit_intent=\u00bboff\u00bb da_has_close=\u00bbon\u00bb da_alt_close=\u00bboff\u00bb da_dark_close=\u00bboff\u00bb da_not_modal=\u00bbon\u00bb da_is_singular=\u00bboff\u00bb da_with_loader=\u00bboff\u00bb da_has_shadow=\u00bbon\u00bb][et_pb_row _builder_version=\u00bb4.22.2&#8243; _module_preset=\u00bbdefault\u00bb custom_margin=\u00bb80px||||false|false\u00bb global_colors_info=\u00bb{}\u00bb][et_pb_column type=\u00bb4_4&#8243; _builder_version=\u00bb4.21.0&#8243; _module_preset=\u00bbdefault\u00bb global_colors_info=\u00bb{}\u00bb][et_pb_text _builder_version=\u00bb4.24.3&#8243; _module_preset=\u00bbdefault\u00bb header_font=\u00bb|300||on|||||\u00bb header_text_align=\u00bbcenter\u00bb header_font_size=\u00bb54px\u00bb header_2_font=\u00bb|300||on|||||\u00bb header_2_text_align=\u00bbcenter\u00bb header_2_font_size=\u00bb36px\u00bb border_color_bottom=\u00bb#EE3311&#8243; global_colors_info=\u00bb{}\u00bb]<\/p>\n<h1>DEL VI\u00d1EDO A LA COPA<\/h1>\n<p>[\/et_pb_text][\/et_pb_column][\/et_pb_row][\/et_pb_section][et_pb_section fb_built=\u00bb1&#8243; disabled_on=\u00bboff|off|off\u00bb _builder_version=\u00bb4.24.3&#8243; _module_preset=\u00bbdefault\u00bb background_color=\u00bb#f7efe6&#8243; da_disable_devices=\u00bboff|off|off\u00bb global_colors_info=\u00bb{}\u00bb da_is_popup=\u00bboff\u00bb da_exit_intent=\u00bboff\u00bb da_has_close=\u00bbon\u00bb da_alt_close=\u00bboff\u00bb da_dark_close=\u00bboff\u00bb da_not_modal=\u00bbon\u00bb da_is_singular=\u00bboff\u00bb da_with_loader=\u00bboff\u00bb da_has_shadow=\u00bbon\u00bb][et_pb_row _builder_version=\u00bb4.24.3&#8243; _module_preset=\u00bbdefault\u00bb global_colors_info=\u00bb{}\u00bb][et_pb_column type=\u00bb4_4&#8243; _builder_version=\u00bb4.24.3&#8243; _module_preset=\u00bbdefault\u00bb global_colors_info=\u00bb{}\u00bb][et_pb_text admin_label=\u00bbText\u00bb _builder_version=\u00bb4.24.3&#8243; _module_preset=\u00bbdefault\u00bb text_text_color=\u00bbgcid-1435c12f-75db-42d0-baa8-4c0fc912708e\u00bb custom_css_main_element=\u00bbfont-weight: 400;\u00bb global_colors_info=\u00bb{%22gcid-1435c12f-75db-42d0-baa8-4c0fc912708e%22:%91%22text_text_color%22%93}\u00bb]<\/p>\n<h2 style=\"text-align: center;\">Visita vi\u00f1edos, bodega, cata de 3 vinos y aperitivo con productos locales<\/h2>\n<p>[\/et_pb_text][\/et_pb_column][\/et_pb_row][et_pb_row column_structure=\u00bb1_6,1_6,1_6,1_6,1_6,1_6&#8243; _builder_version=\u00bb4.24.3&#8243; _module_preset=\u00bbdefault\u00bb global_colors_info=\u00bb{}\u00bb][et_pb_column type=\u00bb1_6&#8243; _builder_version=\u00bb4.24.3&#8243; _module_preset=\u00bbdefault\u00bb global_colors_info=\u00bb{}\u00bb][\/et_pb_column][et_pb_column type=\u00bb1_6&#8243; _builder_version=\u00bb4.24.3&#8243; _module_preset=\u00bbdefault\u00bb global_colors_info=\u00bb{}\u00bb][et_pb_icon font_icon=\u00bb&#xe023;||divi||400&#8243; icon_color=\u00bb#a69b8d\u00bb _builder_version=\u00bb4.24.3&#8243; _module_preset=\u00bbdefault\u00bb transform_scale=\u00bb50%|50%\u00bb custom_margin=\u00bb||||false|false\u00bb custom_padding=\u00bb||||false|false\u00bb global_colors_info=\u00bb{}\u00bb][\/et_pb_icon][et_pb_text admin_label=\u00bbText\u00bb _builder_version=\u00bb4.24.3&#8243; _module_preset=\u00bbdefault\u00bb text_text_color=\u00bbgcid-1435c12f-75db-42d0-baa8-4c0fc912708e\u00bb custom_margin=\u00bb-20px||||false|false\u00bb custom_css_main_element=\u00bbfont-weight: 400;\u00bb global_colors_info=\u00bb{%22gcid-1435c12f-75db-42d0-baa8-4c0fc912708e%22:%91%22text_text_color%22%93}\u00bb]<\/p>\n<p style=\"text-align: center;\">Visitas con cita previa<\/p>\n<p>[\/et_pb_text][\/et_pb_column][et_pb_column type=\u00bb1_6&#8243; _builder_version=\u00bb4.24.3&#8243; _module_preset=\u00bbdefault\u00bb global_colors_info=\u00bb{}\u00bb][et_pb_icon font_icon=\u00bb&#x7d;||divi||400&#8243; icon_color=\u00bb#a69b8d\u00bb _builder_version=\u00bb4.24.3&#8243; _module_preset=\u00bbdefault\u00bb transform_scale=\u00bb50%|50%\u00bb global_colors_info=\u00bb{}\u00bb][\/et_pb_icon][et_pb_text admin_label=\u00bbText\u00bb _builder_version=\u00bb4.24.3&#8243; _module_preset=\u00bbdefault\u00bb text_text_color=\u00bbgcid-1435c12f-75db-42d0-baa8-4c0fc912708e\u00bb custom_margin=\u00bb-20px||||false|false\u00bb custom_css_main_element=\u00bbfont-weight: 400;\u00bb global_colors_info=\u00bb{%22gcid-1435c12f-75db-42d0-baa8-4c0fc912708e%22:%91%22text_text_color%22%93}\u00bb]<\/p>\n<p style=\"text-align: center;\">Duraci\u00f3n de la visita: 2 horas 30 minutos aprox.<\/p>\n<p>[\/et_pb_text][\/et_pb_column][et_pb_column type=\u00bb1_6&#8243; _builder_version=\u00bb4.24.3&#8243; _module_preset=\u00bbdefault\u00bb global_colors_info=\u00bb{}\u00bb][et_pb_icon font_icon=\u00bb&#xe100;||divi||400&#8243; icon_color=\u00bb#a69b8d\u00bb _builder_version=\u00bb4.24.3&#8243; _module_preset=\u00bbdefault\u00bb transform_scale=\u00bb50%|50%\u00bb global_colors_info=\u00bb{}\u00bb][\/et_pb_icon][et_pb_text admin_label=\u00bbText\u00bb _builder_version=\u00bb4.24.3&#8243; _module_preset=\u00bbdefault\u00bb text_text_color=\u00bbgcid-1435c12f-75db-42d0-baa8-4c0fc912708e\u00bb custom_margin=\u00bb-20px||||false|false\u00bb hover_enabled=\u00bb0&#8243; custom_css_main_element=\u00bbfont-weight: 400;\u00bb global_colors_info=\u00bb{%22gcid-1435c12f-75db-42d0-baa8-4c0fc912708e%22:%91%22text_text_color%22%93}\u00bb sticky_enabled=\u00bb0&#8243;]<\/p>\n<p style=\"text-align: center;\">Precio por persona: 50\u20ac<\/p>\n<p>[\/et_pb_text][\/et_pb_column][et_pb_column type=\u00bb1_6&#8243; _builder_version=\u00bb4.24.3&#8243; _module_preset=\u00bbdefault\u00bb global_colors_info=\u00bb{}\u00bb][et_pb_icon font_icon=\u00bb&#xf5ce;||fa||900&#8243; icon_color=\u00bb#a69b8d\u00bb _builder_version=\u00bb4.24.3&#8243; _module_preset=\u00bbdefault\u00bb transform_scale=\u00bb50%|50%\u00bb global_colors_info=\u00bb{}\u00bb][\/et_pb_icon][et_pb_text admin_label=\u00bbText\u00bb _builder_version=\u00bb4.24.3&#8243; _module_preset=\u00bbdefault\u00bb text_text_color=\u00bbgcid-1435c12f-75db-42d0-baa8-4c0fc912708e\u00bb custom_margin=\u00bb-20px||||false|false\u00bb custom_css_main_element=\u00bbfont-weight: 400;\u00bb global_colors_info=\u00bb{%22gcid-1435c12f-75db-42d0-baa8-4c0fc912708e%22:%91%22text_text_color%22%93}\u00bb]<\/p>\n<p style=\"text-align: center;\">Cata de 3 vinos y aperitivo con productos locales<\/p>\n<p>[\/et_pb_text][\/et_pb_column][et_pb_column type=\u00bb1_6&#8243; _builder_version=\u00bb4.24.3&#8243; _module_preset=\u00bbdefault\u00bb global_colors_info=\u00bb{}\u00bb][\/et_pb_column][\/et_pb_row][et_pb_row _builder_version=\u00bb4.24.3&#8243; _module_preset=\u00bbdefault\u00bb custom_margin=\u00bb-300px||||false|false\u00bb global_colors_info=\u00bb{}\u00bb][et_pb_column type=\u00bb4_4&#8243; _builder_version=\u00bb4.21.0&#8243; _module_preset=\u00bbdefault\u00bb global_colors_info=\u00bb{}\u00bb][et_pb_code admin_label=\u00bbCode\u00bb _builder_version=\u00bb4.24.3&#8243; _module_preset=\u00bbdefault\u00bb custom_margin=\u00bb-20px||||false|false\u00bb global_colors_info=\u00bb{}\u00bb]\n<script>\n  if (typeof hasAmeliaEntitiesApiCall === 'undefined' && ('' === '' && '' !== '1')) {\n    var hasAmeliaEntitiesApiCall = true;\n  }\n  var ameliaShortcodeData = (typeof ameliaShortcodeData === 'undefined') ? [] : ameliaShortcodeData;\n  ameliaShortcodeData.push(\n    {\n      'hasApiCall': (typeof hasAmeliaEntitiesApiCall !== 'undefined') && hasAmeliaEntitiesApiCall,\n      'trigger': '',\n      'trigger_type': '',\n      'triggered_form': 'sbsNew',\n      'in_dialog': '',\n      'show': '',\n      'counter': '1000',\n      'category': '',\n      'service': '2',\n      'employee': '',\n      'location': '',\n      'package': ''\n    }\n  );\n\n  var ameliaShortcodeDataTriggered = (typeof ameliaShortcodeDataTriggered === 'undefined') ? [] : ameliaShortcodeDataTriggered;\n  if (ameliaShortcodeData[ameliaShortcodeData.length - 1].trigger !== '') {\n    if (ameliaShortcodeDataTriggered.filter(a => a.counter === ameliaShortcodeData[ameliaShortcodeData.length - 1].counter).length === 0) {\n      ameliaShortcodeDataTriggered.push(ameliaShortcodeData.pop());\n    } else {\n      ameliaShortcodeData.pop()\n    }\n  }\n  if (typeof hasAmeliaEntitiesApiCall !== 'undefined' && hasAmeliaEntitiesApiCall) {\n    hasAmeliaEntitiesApiCall = false;\n  }\n<\/script>\n\n<div\n  id=\"amelia-v2-booking-1000\"\n  class=\"amelia-v2-booking\"\n >\n    <step-form-wrapper><\/step-form-wrapper><\/div>\n[\/et_pb_code][et_pb_text admin_label=\u00bbText\u00bb _builder_version=\u00bb4.24.3&#8243; _module_preset=\u00bbdefault\u00bb text_text_color=\u00bbgcid-1435c12f-75db-42d0-baa8-4c0fc912708e\u00bb custom_css_main_element=\u00bbfont-weight: 400;\u00bb global_colors_info=\u00bb{%22gcid-1435c12f-75db-42d0-baa8-4c0fc912708e%22:%91%22text_text_color%22%93}\u00bb]<\/p>\n<p style=\"text-align: center;\">Esta es una solicitud de visita.<br \/><strong>La reserva no ser\u00e1 valida hasta que no reciban un correo de confirmaci\u00f3n por parte de la bodega.<\/strong><br \/>Si no reciben ninguna respuesta en 24-48 h, pueden contactar con nosotros mediante info@ferrerbobet.com.<\/p>\n<p>[\/et_pb_text][\/et_pb_column][\/et_pb_row][\/et_pb_section]<\/p>\n","protected":false},"excerpt":{"rendered":"<p>DEL VI\u00d1EDO A LA COPAVisita vi\u00f1edos, bodega, cata de 3 vinos y aperitivo con productos localesVisitas con cita previaDuraci\u00f3n de la visita: 2 horas 30 minutos aprox.Precio por persona: 50\u20acCata de 3 vinos y aperitivo con productos locales\n<script>\n  if (typeof hasAmeliaEntitiesApiCall === 'undefined' && ('' === '' && '' !== '1')) {\n    var hasAmeliaEntitiesApiCall = true;\n  }\n  var ameliaShortcodeData = (typeof ameliaShortcodeData === 'undefined') ? [] : ameliaShortcodeData;\n  ameliaShortcodeData.push(\n    {\n      'hasApiCall': (typeof hasAmeliaEntitiesApiCall !== 'undefined') && hasAmeliaEntitiesApiCall,\n      'trigger': '',\n      'trigger_type': '',\n      'triggered_form': 'sbsNew',\n      'in_dialog': '',\n      'show': '',\n      'counter': '1001',\n      'category': '',\n      'service': '2',\n      'employee': '',\n      'location': '',\n      'package': ''\n    }\n  );\n\n  var ameliaShortcodeDataTriggered = (typeof ameliaShortcodeDataTriggered === 'undefined') ? [] : ameliaShortcodeDataTriggered;\n  if (ameliaShortcodeData[ameliaShortcodeData.length - 1].trigger !== '') {\n    if (ameliaShortcodeDataTriggered.filter(a => a.counter === ameliaShortcodeData[ameliaShortcodeData.length - 1].counter).length === 0) {\n      ameliaShortcodeDataTriggered.push(ameliaShortcodeData.pop());\n    } else {\n      ameliaShortcodeData.pop()\n    }\n  }\n  if (typeof hasAmeliaEntitiesApiCall !== 'undefined' && hasAmeliaEntitiesApiCall) {\n    hasAmeliaEntitiesApiCall = false;\n  }\n<\/script>\n\n<div\n  id=\"amelia-v2-booking-1001\"\n  class=\"amelia-v2-booking\"\n >\n    <step-form-wrapper><\/step-form-wrapper><\/div>\nEsta es una solicitud de visita.La reserva no ser\u00e1 valida hasta que no reciban un correo de [&hellip;]<\/p>\n","protected":false},"author":6,"featured_media":0,"parent":0,"menu_order":0,"comment_status":"closed","ping_status":"closed","template":"","meta":{"_et_pb_use_builder":"on","_et_pb_old_content":"","_et_gb_content_width":"","footnotes":""},"class_list":["post-1792","page","type-page","status-publish","hentry"],"yoast_head":"<!-- This site is optimized with the Yoast SEO plugin v25.5 - https:\/\/yoast.com\/wordpress\/plugins\/seo\/ -->\n<title>DEL VI\u00d1EDO A LA COPA - Ferrer Bobet<\/title>\n<meta name=\"robots\" content=\"index, follow, max-snippet:-1, max-image-preview:large, max-video-preview:-1\" \/>\n<link rel=\"canonical\" href=\"https:\/\/ferrerbobet.com\/es\/del-vinedo-a-la-copa\/\" \/>\n<meta property=\"og:locale\" content=\"es_ES\" \/>\n<meta property=\"og:type\" content=\"article\" \/>\n<meta property=\"og:title\" content=\"DEL VI\u00d1EDO A LA COPA - Ferrer Bobet\" \/>\n<meta property=\"og:description\" content=\"DEL VI\u00d1EDO A LA COPAVisita vi\u00f1edos, bodega, cata de 3 vinos y aperitivo con productos localesVisitas con cita previaDuraci\u00f3n de la visita: 2 horas 30 minutos aprox.Precio por persona: 50\u20acCata de 3 vinos y aperitivo con productos localesEsta es una solicitud de visita.La reserva no ser\u00e1 valida hasta que no reciban un correo de [&hellip;]\" \/>\n<meta property=\"og:url\" content=\"https:\/\/ferrerbobet.com\/es\/del-vinedo-a-la-copa\/\" \/>\n<meta property=\"og:site_name\" content=\"Ferrer Bobet\" \/>\n<meta property=\"article:publisher\" content=\"https:\/\/www.facebook.com\/profile.php?id=100057578824777\" \/>\n<meta property=\"article:modified_time\" content=\"2025-11-10T08:38:10+00:00\" \/>\n<meta name=\"twitter:card\" content=\"summary_large_image\" \/>\n<meta name=\"twitter:label1\" content=\"Tiempo de lectura\" \/>\n\t<meta name=\"twitter:data1\" content=\"1 minuto\" \/>\n<script type=\"application\/ld+json\" class=\"yoast-schema-graph\">{\"@context\":\"https:\/\/schema.org\",\"@graph\":[{\"@type\":\"WebPage\",\"@id\":\"https:\/\/ferrerbobet.com\/es\/del-vinedo-a-la-copa\/\",\"url\":\"https:\/\/ferrerbobet.com\/es\/del-vinedo-a-la-copa\/\",\"name\":\"DEL VI\u00d1EDO A LA COPA - Ferrer Bobet\",\"isPartOf\":{\"@id\":\"https:\/\/ferrerbobet.com\/es\/#website\"},\"datePublished\":\"2025-06-11T07:44:05+00:00\",\"dateModified\":\"2025-11-10T08:38:10+00:00\",\"breadcrumb\":{\"@id\":\"https:\/\/ferrerbobet.com\/es\/del-vinedo-a-la-copa\/#breadcrumb\"},\"inLanguage\":\"es\",\"potentialAction\":[{\"@type\":\"ReadAction\",\"target\":[\"https:\/\/ferrerbobet.com\/es\/del-vinedo-a-la-copa\/\"]}]},{\"@type\":\"BreadcrumbList\",\"@id\":\"https:\/\/ferrerbobet.com\/es\/del-vinedo-a-la-copa\/#breadcrumb\",\"itemListElement\":[{\"@type\":\"ListItem\",\"position\":1,\"name\":\"Inici\",\"item\":\"https:\/\/ferrerbobet.com\/es\/\"},{\"@type\":\"ListItem\",\"position\":2,\"name\":\"DEL VI\u00d1EDO A LA COPA\"}]},{\"@type\":\"WebSite\",\"@id\":\"https:\/\/ferrerbobet.com\/es\/#website\",\"url\":\"https:\/\/ferrerbobet.com\/es\/\",\"name\":\"Ferrer Bobet\",\"description\":\"Vins especials\",\"potentialAction\":[{\"@type\":\"SearchAction\",\"target\":{\"@type\":\"EntryPoint\",\"urlTemplate\":\"https:\/\/ferrerbobet.com\/es\/?s={search_term_string}\"},\"query-input\":{\"@type\":\"PropertyValueSpecification\",\"valueRequired\":true,\"valueName\":\"search_term_string\"}}],\"inLanguage\":\"es\"}]}<\/script>\n<!-- \/ Yoast SEO plugin. -->","yoast_head_json":{"title":"DEL VI\u00d1EDO A LA COPA - Ferrer Bobet","robots":{"index":"index","follow":"follow","max-snippet":"max-snippet:-1","max-image-preview":"max-image-preview:large","max-video-preview":"max-video-preview:-1"},"canonical":"https:\/\/ferrerbobet.com\/es\/del-vinedo-a-la-copa\/","og_locale":"es_ES","og_type":"article","og_title":"DEL VI\u00d1EDO A LA COPA - Ferrer Bobet","og_description":"DEL VI\u00d1EDO A LA COPAVisita vi\u00f1edos, bodega, cata de 3 vinos y aperitivo con productos localesVisitas con cita previaDuraci\u00f3n de la visita: 2 horas 30 minutos aprox.Precio por persona: 50\u20acCata de 3 vinos y aperitivo con productos localesEsta es una solicitud de visita.La reserva no ser\u00e1 valida hasta que no reciban un correo de [&hellip;]","og_url":"https:\/\/ferrerbobet.com\/es\/del-vinedo-a-la-copa\/","og_site_name":"Ferrer Bobet","article_publisher":"https:\/\/www.facebook.com\/profile.php?id=100057578824777","article_modified_time":"2025-11-10T08:38:10+00:00","twitter_card":"summary_large_image","twitter_misc":{"Tiempo de lectura":"1 minuto"},"schema":{"@context":"https:\/\/schema.org","@graph":[{"@type":"WebPage","@id":"https:\/\/ferrerbobet.com\/es\/del-vinedo-a-la-copa\/","url":"https:\/\/ferrerbobet.com\/es\/del-vinedo-a-la-copa\/","name":"DEL VI\u00d1EDO A LA COPA - Ferrer Bobet","isPartOf":{"@id":"https:\/\/ferrerbobet.com\/es\/#website"},"datePublished":"2025-06-11T07:44:05+00:00","dateModified":"2025-11-10T08:38:10+00:00","breadcrumb":{"@id":"https:\/\/ferrerbobet.com\/es\/del-vinedo-a-la-copa\/#breadcrumb"},"inLanguage":"es","potentialAction":[{"@type":"ReadAction","target":["https:\/\/ferrerbobet.com\/es\/del-vinedo-a-la-copa\/"]}]},{"@type":"BreadcrumbList","@id":"https:\/\/ferrerbobet.com\/es\/del-vinedo-a-la-copa\/#breadcrumb","itemListElement":[{"@type":"ListItem","position":1,"name":"Inici","item":"https:\/\/ferrerbobet.com\/es\/"},{"@type":"ListItem","position":2,"name":"DEL VI\u00d1EDO A LA COPA"}]},{"@type":"WebSite","@id":"https:\/\/ferrerbobet.com\/es\/#website","url":"https:\/\/ferrerbobet.com\/es\/","name":"Ferrer Bobet","description":"Vins especials","potentialAction":[{"@type":"SearchAction","target":{"@type":"EntryPoint","urlTemplate":"https:\/\/ferrerbobet.com\/es\/?s={search_term_string}"},"query-input":{"@type":"PropertyValueSpecification","valueRequired":true,"valueName":"search_term_string"}}],"inLanguage":"es"}]}},"_links":{"self":[{"href":"https:\/\/ferrerbobet.com\/es\/wp-json\/wp\/v2\/pages\/1792","targetHints":{"allow":["GET"]}}],"collection":[{"href":"https:\/\/ferrerbobet.com\/es\/wp-json\/wp\/v2\/pages"}],"about":[{"href":"https:\/\/ferrerbobet.com\/es\/wp-json\/wp\/v2\/types\/page"}],"author":[{"embeddable":true,"href":"https:\/\/ferrerbobet.com\/es\/wp-json\/wp\/v2\/users\/6"}],"replies":[{"embeddable":true,"href":"https:\/\/ferrerbobet.com\/es\/wp-json\/wp\/v2\/comments?post=1792"}],"version-history":[{"count":12,"href":"https:\/\/ferrerbobet.com\/es\/wp-json\/wp\/v2\/pages\/1792\/revisions"}],"predecessor-version":[{"id":1978,"href":"https:\/\/ferrerbobet.com\/es\/wp-json\/wp\/v2\/pages\/1792\/revisions\/1978"}],"wp:attachment":[{"href":"https:\/\/ferrerbobet.com\/es\/wp-json\/wp\/v2\/media?parent=1792"}],"curies":[{"name":"wp","href":"https:\/\/api.w.org\/{rel}","templated":true}]}}